{"id":3892,"date":"2021-06-10T18:16:56","date_gmt":"2021-06-10T18:16:56","guid":{"rendered":"https:\/\/www.lerschtraducoes.com\/w\/?page_id=3892"},"modified":"2021-06-10T18:16:56","modified_gmt":"2021-06-10T18:16:56","slug":"orcamento","status":"publish","type":"page","link":"https:\/\/www.lerschtraducoes.com\/w\/orcamento\/","title":{"rendered":"Or\u00e7amento"},"content":{"rendered":"<section class=\"l-section wpb_row height_medium\"><div class=\"l-section-h i-cf\"><div class=\"g-cols vc_row type_default valign_top\"><div class=\"vc_col-sm-12 wpb_column vc_column_container\"><div class=\"vc_column-inner\"><div class=\"wpb_wrapper\"><div class=\"cf7sg-container cf7sg-not-grid\"><div id=\"cf7sg-form-orcamento-2021\" class=\" key_orcamento-2021\">\n<div class=\"wpcf7 no-js\" id=\"wpcf7-f3889-o1\" lang=\"pt-BR\" dir=\"ltr\">\n<div class=\"screen-reader-response\"><p role=\"status\" aria-live=\"polite\" aria-atomic=\"true\"><\/p> <ul><\/ul><\/div>\n<form action=\"\/w\/wp-json\/wp\/v2\/pages\/3892#wpcf7-f3889-o1\" method=\"post\" class=\"wpcf7-form init\" aria-label=\"Formul\u00e1rios de contato\" enctype=\"multipart\/form-data\" novalidate=\"novalidate\" data-status=\"init\">\n<div style=\"display: none;\">\n<input type=\"hidden\" name=\"_wpcf7\" value=\"3889\" \/>\n<input type=\"hidden\" name=\"_wpcf7_version\" value=\"5.7.5.1\" \/>\n<input type=\"hidden\" name=\"_wpcf7_locale\" value=\"pt_BR\" \/>\n<input type=\"hidden\" name=\"_wpcf7_unit_tag\" value=\"wpcf7-f3889-o1\" \/>\n<input type=\"hidden\" name=\"_wpcf7_container_post\" value=\"0\" \/>\n<input type=\"hidden\" name=\"_wpcf7_posted_data_hash\" value=\"\" \/>\n<input type=\"hidden\" name=\"_wpcf7_key\" value=\"orcamento-2021\" \/>\n<input type=\"hidden\" name=\"_cf7sg_toggles\" value=\"\" \/>\n<input type=\"hidden\" name=\"_cf7sg_version\" value=\"4.15.8\" \/>\n<input type=\"hidden\" name=\"_wpnonce\" value=\"af604a06b9\" \/>\n<input type=\"hidden\" name=\"_wpcf7_lang\" value=\"\" \/>\n<\/div>\n<p><script>\n document.addEventListener('wpcf7mailsent', function (Event) {\n location = 'https:\/\/lerschtraducoes.com\/w\/sucesso-formulario\/';\n }, false);\n<\/script>\n<\/p>\n<div class=\"clearfix form-cols\" id=\"orcamento-form\">\n\t<div class=\"col-form\">\n\t\t<p><label> Nome<br \/>\n<span class=\"wpcf7-form-control-wrap\" data-name=\"your-name\"><input size=\"40\" class=\"wpcf7-form-control wpcf7-text wpcf7-validates-as-required\" aria-required=\"true\" aria-invalid=\"false\" placeholder=\"Nome Sobrenome\" value=\"\" type=\"text\" name=\"your-name\" \/><\/span><br \/>\n<\/label>\n\t\t<\/p>\n\t\t<p><label> E-mail<br \/>\n<span class=\"wpcf7-form-control-wrap\" data-name=\"your-email\"><input size=\"40\" class=\"wpcf7-form-control wpcf7-text wpcf7-email wpcf7-validates-as-required wpcf7-validates-as-email\" aria-required=\"true\" aria-invalid=\"false\" placeholder=\"nome@email.com.br\" value=\"\" type=\"email\" name=\"your-email\" \/><\/span><br \/>\n<\/label>\n\t\t<\/p>\n\t\t<p><label> Tipo:<br \/>\n<span class=\"wpcf7-form-control-wrap\" data-name=\"menu-252\"><select class=\"wpcf7-form-control wpcf7-select wpcf7-validates-as-required\" id=\"PF-PJ\" aria-required=\"true\" aria-invalid=\"false\" name=\"menu-252\"><option value=\"Pessoa F\u00edsica\">Pessoa F\u00edsica<\/option><option value=\"Pessoa Jur\u00eddica\">Pessoa Jur\u00eddica<\/option><\/select><\/span><br \/>\n<\/label>\n\t\t<\/p>\n\t\t<p><label>Telefone<br \/>\n<span class=\"wpcf7-form-control-wrap\" data-name=\"telefone\"><input size=\"40\" class=\"wpcf7-form-control wpcf7-text wpcf7-validates-as-required\" aria-required=\"true\" aria-invalid=\"false\" placeholder=\"(00) 0000-0000\" value=\"\" type=\"text\" name=\"telefone\" \/><\/span><br \/>\n<\/label>\n\t\t<\/p>\n\t<\/div>\n\t<div class=\"col-form col2\">\n\t\t<p><label> Idioma Original<br \/>\n<span class=\"wpcf7-form-control-wrap\" data-name=\"idioma-original\"><input size=\"40\" class=\"wpcf7-form-control wpcf7-text\" aria-invalid=\"false\" placeholder=\"Ex: Portugu\u00eas\" value=\"\" type=\"text\" name=\"idioma-original\" \/><\/span><br \/>\n<\/label>\n\t\t<\/p>\n\t\t<p><label> Idioma para ser traduzido<br \/>\n<span class=\"wpcf7-form-control-wrap\" data-name=\"idioma-traduzido\"><input size=\"40\" class=\"wpcf7-form-control wpcf7-text\" aria-invalid=\"false\" placeholder=\"Ex: Ingl\u00eas\" value=\"\" type=\"text\" name=\"idioma-traduzido\" \/><\/span><br \/>\n<\/label>\n\t\t<\/p>\n\t\t<p><label>Algum detalhe extra?<br \/>\n<span class=\"wpcf7-form-control-wrap\" data-name=\"your-message\"><textarea cols=\"40\" rows=\"10\" class=\"wpcf7-form-control wpcf7-textarea wpcf7-validates-as-required\" aria-required=\"true\" aria-invalid=\"false\" placeholder=\"Observa\u00e7\u00f5es\" name=\"your-message\"><\/textarea><\/span><br \/>\n<\/label>\n\t\t<\/p>\n\t\t<div class=\"archive-form\">\n\t\t\t<p><label>Anexar documento a ser traduzido<span class=\"wpcf7-form-control-wrap\" data-name=\"archive\"><input size=\"40\" class=\"wpcf7-form-control wpcf7-file\" accept=\".pdf,.docx,.doc,.gdoc\" aria-invalid=\"false\" type=\"file\" name=\"archive\" \/><\/span><\/label>\n\t\t\t<\/p>\n\t\t<\/div>\n\t<\/div>\n<\/div>\n<div class=\"bt\">\n\t<p><input class=\"wpcf7-form-control has-spinner wpcf7-submit\" type=\"submit\" value=\"Enviar\" \/>\n\t<\/p>\n<\/div><div class=\"wpcf7-response-output\" aria-hidden=\"true\"><\/div>\n<\/form>\n<\/div>\n<\/div><\/div><\/div><\/div><\/div><\/div><\/div><\/section>\n","protected":false},"excerpt":{"rendered":"document.addEventListener('wpcf7mailsent', function (Event) { location = 'https:\/\/lerschtraducoes.com\/w\/sucesso-formulario\/'; }, false); Nome E-mail Tipo: Pessoa F\u00edsicaPessoa Jur\u00eddica Telefone Idioma Original Idioma para ser traduzido Algum detalhe extra? Anexar documento a ser traduzido","protected":false},"author":7,"featured_media":0,"parent":0,"menu_order":0,"comment_status":"closed","ping_status":"closed","template":"","meta":[],"yoast_head":"<!-- This site is optimized with the Yoast SEO plugin v20.3 - https:\/\/yoast.com\/wordpress\/plugins\/seo\/ -->\n<title>Or\u00e7amento - Lersch Tradu\u00e7\u00f5es<\/title>\n<meta name=\"robots\" content=\"index, follow, max-snippet:-1, max-image-preview:large, max-video-preview:-1\" \/>\n<link rel=\"canonical\" href=\"https:\/\/www.lerschtraducoes.com\/w\/orcamento\/\" \/>\n<meta property=\"og:locale\" content=\"pt_BR\" \/>\n<meta property=\"og:type\" content=\"article\" \/>\n<meta property=\"og:title\" content=\"Or\u00e7amento - Lersch Tradu\u00e7\u00f5es\" \/>\n<meta property=\"og:url\" content=\"https:\/\/www.lerschtraducoes.com\/w\/orcamento\/\" \/>\n<meta property=\"og:site_name\" content=\"Lersch Tradu\u00e7\u00f5es\" \/>\n<meta name=\"twitter:card\" content=\"summary_large_image\" \/>\n<script type=\"application\/ld+json\" class=\"yoast-schema-graph\">{\"@context\":\"https:\/\/schema.org\",\"@graph\":[{\"@type\":\"WebPage\",\"@id\":\"https:\/\/www.lerschtraducoes.com\/w\/orcamento\/\",\"url\":\"https:\/\/www.lerschtraducoes.com\/w\/orcamento\/\",\"name\":\"Or\u00e7amento - Lersch Tradu\u00e7\u00f5es\",\"isPartOf\":{\"@id\":\"https:\/\/www.lerschtraducoes.com\/w\/#website\"},\"datePublished\":\"2021-06-10T18:16:56+00:00\",\"dateModified\":\"2021-06-10T18:16:56+00:00\",\"breadcrumb\":{\"@id\":\"https:\/\/www.lerschtraducoes.com\/w\/orcamento\/#breadcrumb\"},\"inLanguage\":\"pt-BR\",\"potentialAction\":[{\"@type\":\"ReadAction\",\"target\":[\"https:\/\/www.lerschtraducoes.com\/w\/orcamento\/\"]}]},{\"@type\":\"BreadcrumbList\",\"@id\":\"https:\/\/www.lerschtraducoes.com\/w\/orcamento\/#breadcrumb\",\"itemListElement\":[{\"@type\":\"ListItem\",\"position\":1,\"name\":\"In\u00edcio\",\"item\":\"https:\/\/www.lerschtraducoes.com\/w\/en\/home\/\"},{\"@type\":\"ListItem\",\"position\":2,\"name\":\"Or\u00e7amento\"}]},{\"@type\":\"WebSite\",\"@id\":\"https:\/\/www.lerschtraducoes.com\/w\/#website\",\"url\":\"https:\/\/www.lerschtraducoes.com\/w\/\",\"name\":\"Lersch Tradu\u00e7\u00f5es\",\"description\":\"L\u00edder no segmento de Tradu\u00e7\u00f5es no Brasil\",\"potentialAction\":[{\"@type\":\"SearchAction\",\"target\":{\"@type\":\"EntryPoint\",\"urlTemplate\":\"https:\/\/www.lerschtraducoes.com\/w\/?s={search_term_string}\"},\"query-input\":\"required name=search_term_string\"}],\"inLanguage\":\"pt-BR\"}]}<\/script>\n<!-- \/ Yoast SEO plugin. -->","yoast_head_json":{"title":"Or\u00e7amento - Lersch Tradu\u00e7\u00f5es","robots":{"index":"index","follow":"follow","max-snippet":"max-snippet:-1","max-image-preview":"max-image-preview:large","max-video-preview":"max-video-preview:-1"},"canonical":"https:\/\/www.lerschtraducoes.com\/w\/orcamento\/","og_locale":"pt_BR","og_type":"article","og_title":"Or\u00e7amento - Lersch Tradu\u00e7\u00f5es","og_url":"https:\/\/www.lerschtraducoes.com\/w\/orcamento\/","og_site_name":"Lersch Tradu\u00e7\u00f5es","twitter_card":"summary_large_image","schema":{"@context":"https:\/\/schema.org","@graph":[{"@type":"WebPage","@id":"https:\/\/www.lerschtraducoes.com\/w\/orcamento\/","url":"https:\/\/www.lerschtraducoes.com\/w\/orcamento\/","name":"Or\u00e7amento - Lersch Tradu\u00e7\u00f5es","isPartOf":{"@id":"https:\/\/www.lerschtraducoes.com\/w\/#website"},"datePublished":"2021-06-10T18:16:56+00:00","dateModified":"2021-06-10T18:16:56+00:00","breadcrumb":{"@id":"https:\/\/www.lerschtraducoes.com\/w\/orcamento\/#breadcrumb"},"inLanguage":"pt-BR","potentialAction":[{"@type":"ReadAction","target":["https:\/\/www.lerschtraducoes.com\/w\/orcamento\/"]}]},{"@type":"BreadcrumbList","@id":"https:\/\/www.lerschtraducoes.com\/w\/orcamento\/#breadcrumb","itemListElement":[{"@type":"ListItem","position":1,"name":"In\u00edcio","item":"https:\/\/www.lerschtraducoes.com\/w\/en\/home\/"},{"@type":"ListItem","position":2,"name":"Or\u00e7amento"}]},{"@type":"WebSite","@id":"https:\/\/www.lerschtraducoes.com\/w\/#website","url":"https:\/\/www.lerschtraducoes.com\/w\/","name":"Lersch Tradu\u00e7\u00f5es","description":"L\u00edder no segmento de Tradu\u00e7\u00f5es no Brasil","potentialAction":[{"@type":"SearchAction","target":{"@type":"EntryPoint","urlTemplate":"https:\/\/www.lerschtraducoes.com\/w\/?s={search_term_string}"},"query-input":"required name=search_term_string"}],"inLanguage":"pt-BR"}]}},"_links":{"self":[{"href":"https:\/\/www.lerschtraducoes.com\/w\/wp-json\/wp\/v2\/pages\/3892"}],"collection":[{"href":"https:\/\/www.lerschtraducoes.com\/w\/wp-json\/wp\/v2\/pages"}],"about":[{"href":"https:\/\/www.lerschtraducoes.com\/w\/wp-json\/wp\/v2\/types\/page"}],"author":[{"embeddable":true,"href":"https:\/\/www.lerschtraducoes.com\/w\/wp-json\/wp\/v2\/users\/7"}],"replies":[{"embeddable":true,"href":"https:\/\/www.lerschtraducoes.com\/w\/wp-json\/wp\/v2\/comments?post=3892"}],"version-history":[{"count":2,"href":"https:\/\/www.lerschtraducoes.com\/w\/wp-json\/wp\/v2\/pages\/3892\/revisions"}],"predecessor-version":[{"id":3895,"href":"https:\/\/www.lerschtraducoes.com\/w\/wp-json\/wp\/v2\/pages\/3892\/revisions\/3895"}],"wp:attachment":[{"href":"https:\/\/www.lerschtraducoes.com\/w\/wp-json\/wp\/v2\/media?parent=3892"}],"curies":[{"name":"wp","href":"https:\/\/api.w.org\/{rel}","templated":true}]}}