{"id":651,"date":"2018-12-13T19:38:18","date_gmt":"2018-12-13T19:38:18","guid":{"rendered":"https:\/\/www.lerschtraducoes.com\/w\/?page_id=651"},"modified":"2019-02-26T20:00:49","modified_gmt":"2019-02-26T20:00:49","slug":"trabalhe-conosco","status":"publish","type":"page","link":"https:\/\/www.lerschtraducoes.com\/w\/trabalhe-conosco\/","title":{"rendered":"Trabalhe conosco"},"content":{"rendered":"<section class=\"l-section wpb_row height_small with_img with_overlay\"><div class=\"l-section-img\" style=\"background-image: url(https:\/\/www.lerschtraducoes.com\/w\/wp-content\/uploads\/2018\/12\/Lersch-Foto-Banner-FAQ.jpg);background-repeat: no-repeat;\" data-img-width=\"1920\" data-img-height=\"1080\"><\/div><div class=\"l-section-overlay\" style=\"background-color: rgba(29,17,89,0.85)\"><\/div><div class=\"l-section-h i-cf\"><div class=\"g-cols vc_row type_default valign_top\"><div class=\"vc_col-sm-12 wpb_column vc_column_container\"><div class=\"vc_column-inner\"><div class=\"wpb_wrapper\"><h1 class=\"w-page-title align_left\" itemprop=\"headline\" style=\"font-family:Arial, Helvetica, sans-serif;text-transform:uppercase;color:#ffffff;\">Trabalhe conosco<\/h1><\/div><\/div><\/div><\/div><\/div><\/section><section class=\"l-section wpb_row height_huge\"><div class=\"l-section-h i-cf\"><div class=\"g-cols vc_row type_default valign_top\"><div class=\"vc_col-sm-3 wpb_column vc_column_container\"><div class=\"vc_column-inner\"><div class=\"wpb_wrapper\"><div class=\"w-image align_none\"><div class=\"w-image-h\"><img width=\"164\" height=\"147\" src=\"https:\/\/www.lerschtraducoes.com\/w\/wp-content\/uploads\/2018\/12\/icone_contato.png\" class=\"attachment-large size-large\" alt=\"\" decoding=\"async\" loading=\"lazy\" \/><\/div><\/div><\/div><\/div><\/div><div class=\"vc_col-sm-9 wpb_column vc_column_container\"><div class=\"vc_column-inner\"><div class=\"wpb_wrapper\"><div class=\"ult-spacer spacer-69e1edb720b5b\" data-id=\"69e1edb720b5b\" data-height=\"30\" data-height-mobile=\"30\" data-height-tab=\"30\" data-height-tab-portrait=\"\" data-height-mobile-landscape=\"\" style=\"clear:both;display:block;\"><\/div>\r\n\t<div class=\"wpb_text_column \">\r\n\t\t<div class=\"wpb_wrapper\">\r\n\t\t\t<h3 style=\"font-weight: 400;\">Gostaria de fazer parte de nossa equipe interna ou externa?<\/h3>\n<p style=\"font-weight: 400;\">Encaminhe seu curr\u00edculo para\u00a0<a href=\"mailto:rh@lerschtraducoes\">rh@lerschtraducoes.com<\/a><\/p>\n\r\n\t\t<\/div>\r\n\t<\/div>\r\n<div class=\"ult-spacer spacer-69e1edb720c25\" data-id=\"69e1edb720c25\" data-height=\"80\" data-height-mobile=\"80\" data-height-tab=\"80\" data-height-tab-portrait=\"\" data-height-mobile-landscape=\"\" style=\"clear:both;display:block;\"><\/div><\/div><\/div><\/div><\/div><\/div><\/section>\n","protected":false},"excerpt":{"rendered":"Trabalhe conosco Gostaria de fazer parte de nossa equipe interna ou externa? Encaminhe seu curr\u00edculo para\u00a0rh@lerschtraducoes.com","protected":false},"author":1,"featured_media":0,"parent":0,"menu_order":0,"comment_status":"closed","ping_status":"closed","template":"","meta":[],"yoast_head":"<!-- This site is optimized with the Yoast SEO plugin v20.3 - https:\/\/yoast.com\/wordpress\/plugins\/seo\/ -->\n<title>Trabalhe conosco - Lersch Tradu\u00e7\u00f5es<\/title>\n<meta name=\"robots\" content=\"index, follow, max-snippet:-1, max-image-preview:large, max-video-preview:-1\" \/>\n<link rel=\"canonical\" href=\"https:\/\/www.lerschtraducoes.com\/w\/trabalhe-conosco\/\" \/>\n<meta property=\"og:locale\" content=\"pt_BR\" \/>\n<meta property=\"og:type\" content=\"article\" \/>\n<meta property=\"og:title\" content=\"Trabalhe conosco - Lersch Tradu\u00e7\u00f5es\" \/>\n<meta property=\"og:url\" content=\"https:\/\/www.lerschtraducoes.com\/w\/trabalhe-conosco\/\" \/>\n<meta property=\"og:site_name\" content=\"Lersch Tradu\u00e7\u00f5es\" \/>\n<meta property=\"article:modified_time\" content=\"2019-02-26T20:00:49+00:00\" \/>\n<meta name=\"twitter:card\" content=\"summary_large_image\" \/>\n<script type=\"application\/ld+json\" class=\"yoast-schema-graph\">{\"@context\":\"https:\/\/schema.org\",\"@graph\":[{\"@type\":\"WebPage\",\"@id\":\"https:\/\/www.lerschtraducoes.com\/w\/trabalhe-conosco\/\",\"url\":\"https:\/\/www.lerschtraducoes.com\/w\/trabalhe-conosco\/\",\"name\":\"Trabalhe conosco - Lersch Tradu\u00e7\u00f5es\",\"isPartOf\":{\"@id\":\"https:\/\/www.lerschtraducoes.com\/w\/#website\"},\"datePublished\":\"2018-12-13T19:38:18+00:00\",\"dateModified\":\"2019-02-26T20:00:49+00:00\",\"breadcrumb\":{\"@id\":\"https:\/\/www.lerschtraducoes.com\/w\/trabalhe-conosco\/#breadcrumb\"},\"inLanguage\":\"pt-BR\",\"potentialAction\":[{\"@type\":\"ReadAction\",\"target\":[\"https:\/\/www.lerschtraducoes.com\/w\/trabalhe-conosco\/\"]}]},{\"@type\":\"BreadcrumbList\",\"@id\":\"https:\/\/www.lerschtraducoes.com\/w\/trabalhe-conosco\/#breadcrumb\",\"itemListElement\":[{\"@type\":\"ListItem\",\"position\":1,\"name\":\"In\u00edcio\",\"item\":\"https:\/\/www.lerschtraducoes.com\/w\/en\/home\/\"},{\"@type\":\"ListItem\",\"position\":2,\"name\":\"Trabalhe conosco\"}]},{\"@type\":\"WebSite\",\"@id\":\"https:\/\/www.lerschtraducoes.com\/w\/#website\",\"url\":\"https:\/\/www.lerschtraducoes.com\/w\/\",\"name\":\"Lersch Tradu\u00e7\u00f5es\",\"description\":\"L\u00edder no segmento de Tradu\u00e7\u00f5es no Brasil\",\"potentialAction\":[{\"@type\":\"SearchAction\",\"target\":{\"@type\":\"EntryPoint\",\"urlTemplate\":\"https:\/\/www.lerschtraducoes.com\/w\/?s={search_term_string}\"},\"query-input\":\"required name=search_term_string\"}],\"inLanguage\":\"pt-BR\"}]}<\/script>\n<!-- \/ Yoast SEO plugin. -->","yoast_head_json":{"title":"Trabalhe conosco - Lersch Tradu\u00e7\u00f5es","robots":{"index":"index","follow":"follow","max-snippet":"max-snippet:-1","max-image-preview":"max-image-preview:large","max-video-preview":"max-video-preview:-1"},"canonical":"https:\/\/www.lerschtraducoes.com\/w\/trabalhe-conosco\/","og_locale":"pt_BR","og_type":"article","og_title":"Trabalhe conosco - Lersch Tradu\u00e7\u00f5es","og_url":"https:\/\/www.lerschtraducoes.com\/w\/trabalhe-conosco\/","og_site_name":"Lersch Tradu\u00e7\u00f5es","article_modified_time":"2019-02-26T20:00:49+00:00","twitter_card":"summary_large_image","schema":{"@context":"https:\/\/schema.org","@graph":[{"@type":"WebPage","@id":"https:\/\/www.lerschtraducoes.com\/w\/trabalhe-conosco\/","url":"https:\/\/www.lerschtraducoes.com\/w\/trabalhe-conosco\/","name":"Trabalhe conosco - Lersch Tradu\u00e7\u00f5es","isPartOf":{"@id":"https:\/\/www.lerschtraducoes.com\/w\/#website"},"datePublished":"2018-12-13T19:38:18+00:00","dateModified":"2019-02-26T20:00:49+00:00","breadcrumb":{"@id":"https:\/\/www.lerschtraducoes.com\/w\/trabalhe-conosco\/#breadcrumb"},"inLanguage":"pt-BR","potentialAction":[{"@type":"ReadAction","target":["https:\/\/www.lerschtraducoes.com\/w\/trabalhe-conosco\/"]}]},{"@type":"BreadcrumbList","@id":"https:\/\/www.lerschtraducoes.com\/w\/trabalhe-conosco\/#breadcrumb","itemListElement":[{"@type":"ListItem","position":1,"name":"In\u00edcio","item":"https:\/\/www.lerschtraducoes.com\/w\/en\/home\/"},{"@type":"ListItem","position":2,"name":"Trabalhe conosco"}]},{"@type":"WebSite","@id":"https:\/\/www.lerschtraducoes.com\/w\/#website","url":"https:\/\/www.lerschtraducoes.com\/w\/","name":"Lersch Tradu\u00e7\u00f5es","description":"L\u00edder no segmento de Tradu\u00e7\u00f5es no Brasil","potentialAction":[{"@type":"SearchAction","target":{"@type":"EntryPoint","urlTemplate":"https:\/\/www.lerschtraducoes.com\/w\/?s={search_term_string}"},"query-input":"required name=search_term_string"}],"inLanguage":"pt-BR"}]}},"_links":{"self":[{"href":"https:\/\/www.lerschtraducoes.com\/w\/wp-json\/wp\/v2\/pages\/651"}],"collection":[{"href":"https:\/\/www.lerschtraducoes.com\/w\/wp-json\/wp\/v2\/pages"}],"about":[{"href":"https:\/\/www.lerschtraducoes.com\/w\/wp-json\/wp\/v2\/types\/page"}],"author":[{"embeddable":true,"href":"https:\/\/www.lerschtraducoes.com\/w\/wp-json\/wp\/v2\/users\/1"}],"replies":[{"embeddable":true,"href":"https:\/\/www.lerschtraducoes.com\/w\/wp-json\/wp\/v2\/comments?post=651"}],"version-history":[{"count":10,"href":"https:\/\/www.lerschtraducoes.com\/w\/wp-json\/wp\/v2\/pages\/651\/revisions"}],"predecessor-version":[{"id":1310,"href":"https:\/\/www.lerschtraducoes.com\/w\/wp-json\/wp\/v2\/pages\/651\/revisions\/1310"}],"wp:attachment":[{"href":"https:\/\/www.lerschtraducoes.com\/w\/wp-json\/wp\/v2\/media?parent=651"}],"curies":[{"name":"wp","href":"https:\/\/api.w.org\/{rel}","templated":true}]}}