{"id":815,"date":"2018-12-19T11:55:00","date_gmt":"2018-12-19T11:55:00","guid":{"rendered":"https:\/\/www.lerschtraducoes.com\/w\/?page_id=815"},"modified":"2024-12-02T14:24:12","modified_gmt":"2024-12-02T14:24:12","slug":"contato","status":"publish","type":"page","link":"https:\/\/www.lerschtraducoes.com\/w\/contato\/","title":{"rendered":"Contato"},"content":{"rendered":"<section class=\"l-section wpb_row height_small with_img with_overlay\"><div class=\"l-section-img\" style=\"background-image: url(https:\/\/www.lerschtraducoes.com\/w\/wp-content\/uploads\/2018\/12\/Lersch-Traducoes-Onde-Estamos-top-bg-1.jpg);background-position: top center;background-repeat: no-repeat;\" data-img-width=\"1920\" data-img-height=\"720\"><\/div><div class=\"l-section-overlay\" style=\"background-color: rgba(163,16,16,0.85)\"><\/div><div class=\"l-section-h i-cf\"><div class=\"g-cols vc_row type_default valign_top\"><div class=\"vc_col-sm-12 wpb_column vc_column_container\"><div class=\"vc_column-inner\"><div class=\"wpb_wrapper\"><h1 class=\"w-page-title align_left\" itemprop=\"headline\" style=\"font-family:Arial, Helvetica, sans-serif;text-transform:uppercase;color:#ffffff;\">Contato<\/h1><\/div><\/div><\/div><\/div><\/div><\/section><section class=\"l-section wpb_row height_small\"><div class=\"l-section-h i-cf\"><div class=\"g-cols vc_row type_default valign_middle\"><div class=\"vc_col-sm-12 wpb_column vc_column_container\"><div class=\"vc_column-inner\"><div class=\"wpb_wrapper\">\r\n\t<div class=\"wpb_text_column \">\r\n\t\t<div class=\"wpb_wrapper\">\r\n\t\t\t<h2 class=\"vc_custom_heading\" style=\"text-align: center;\"><span style=\"color: #e5e5e5;\">Entre em contato com a regi\u00e3o mais pr\u00f3xima ou nos envie uma mensagem pelo formul\u00e1rio abaixo:<\/span><\/h2>\n\r\n\t\t<\/div>\r\n\t<\/div>\r\n<\/div><\/div><\/div><\/div><\/div><\/section><section class=\"l-section wpb_row height_auto\" style=\"margin-right: 2em !important;margin-left: 2em !important;\"><div class=\"l-section-h i-cf\"><div class=\"g-cols vc_row type_default valign_middle vc_column-gap-15\"><div class=\"vc_col-sm-6 wpb_column vc_column_container\"><div class=\"vc_column-inner  vc_custom_1545222789967\"><div class=\"wpb_wrapper\">\r\n\t<div class=\"wpb_text_column \">\r\n\t\t<div class=\"wpb_wrapper\">\r\n\t\t\t<p><strong><span class=\"whiteBold\">International Clients<\/span><\/strong><br \/>\n<a href=\"mailto:contact@lerschtraducoes.com\">contact@lerschtraducoes.com<\/a><\/p>\n<p><i class=\"far fa-clock\"><\/i> <strong>Plant\u00e3o 24h<\/strong><br \/>\n+55 21 98119-9490<\/p>\n<p><i class=\"fas fa-map-marker-alt\"><\/i> <strong><span class=\"whiteBold\">Rio de Janeiro<\/span><\/strong><br \/>\n<a href=\"mailto:contatorj@lerschtraducoes.com\">contatorj@lerschtraducoes.com<\/a><br \/>\n+55 21 3523-3600<\/p>\n<p><i class=\"fas fa-map-marker-alt\"><\/i> <strong><span class=\"whiteBold\">S\u00e3o Paulo<\/span><\/strong><br \/>\n<a href=\"mailto:contatosp@lerschtraducoes.com\">contatosp@lerschtraducoes.com<\/a><br \/>\n+55 11 3285-3509<\/p>\n<p><i class=\"fas fa-map-marker-alt\"><\/i> <strong><span class=\"whiteBold\">Paran\u00e1<\/span><\/strong><br \/>\n<a href=\"mailto:pr@lerschtraducoes.com\">contatopr@lerschtraducoes.com<\/a><br \/>\n+55 41 3243-9040<\/p>\n\r\n\t\t<\/div>\r\n\t<\/div>\r\n<\/div><\/div><\/div><div class=\"vc_col-sm-6 wpb_column vc_column_container\"><div class=\"vc_column-inner\"><div class=\"wpb_wrapper\"><div class=\"ult-spacer spacer-69fe122f683aa\" data-id=\"69fe122f683aa\" data-height=\"25\" data-height-mobile=\"25\" data-height-tab=\"25\" data-height-tab-portrait=\"\" data-height-mobile-landscape=\"\" style=\"clear:both;display:block;\"><\/div><div class=\"cf7sg-container cf7sg-not-grid\"><div id=\"cf7sg-form-formulario-de-contato-1-2\" class=\" key_formulario-de-contato-1-2\">\n<div class=\"wpcf7 no-js\" id=\"wpcf7-f185-o1\" lang=\"pt-BR\" dir=\"ltr\">\n<div class=\"screen-reader-response\"><p role=\"status\" aria-live=\"polite\" aria-atomic=\"true\"><\/p> <ul><\/ul><\/div>\n<form action=\"\/w\/wp-json\/wp\/v2\/pages\/815#wpcf7-f185-o1\" method=\"post\" class=\"wpcf7-form init\" aria-label=\"Formul\u00e1rios de contato\" novalidate=\"novalidate\" data-status=\"init\">\n<div style=\"display: none;\">\n<input type=\"hidden\" name=\"_wpcf7\" value=\"185\" \/>\n<input type=\"hidden\" name=\"_wpcf7_version\" value=\"5.7.5.1\" \/>\n<input type=\"hidden\" name=\"_wpcf7_locale\" value=\"pt_BR\" \/>\n<input type=\"hidden\" name=\"_wpcf7_unit_tag\" value=\"wpcf7-f185-o1\" \/>\n<input type=\"hidden\" name=\"_wpcf7_container_post\" value=\"0\" \/>\n<input type=\"hidden\" name=\"_wpcf7_posted_data_hash\" value=\"\" \/>\n<input type=\"hidden\" name=\"_wpcf7_key\" value=\"formulario-de-contato-1-2\" \/>\n<input type=\"hidden\" name=\"_cf7sg_toggles\" value=\"\" \/>\n<input type=\"hidden\" name=\"_cf7sg_version\" value=\"4.15.8\" \/>\n<input type=\"hidden\" name=\"_wpnonce\" value=\"3b5a3edaf1\" \/>\n<input type=\"hidden\" name=\"_wpcf7_lang\" value=\"\" \/>\n<\/div>\n<p><script>\n document.addEventListener('wpcf7mailsent', function (Event) {\n location = 'https:\/\/lerschtraducoes.com\/w\/sucesso-formulario\/';\n }, false);\n<\/script>\n<\/p>\n<p><label> Nome (obrigat\u00f3rio)<br \/>\n<span class=\"wpcf7-form-control-wrap\" data-name=\"your-name\"><input size=\"40\" class=\"wpcf7-form-control wpcf7-text wpcf7-validates-as-required\" aria-required=\"true\" aria-invalid=\"false\" value=\"\" type=\"text\" name=\"your-name\" \/><\/span> <\/label>\n<\/p>\n<p><label> E-mail (obrigat\u00f3rio)<br \/>\n<span class=\"wpcf7-form-control-wrap\" data-name=\"your-email\"><input size=\"40\" class=\"wpcf7-form-control wpcf7-text wpcf7-email wpcf7-validates-as-required wpcf7-validates-as-email\" aria-required=\"true\" aria-invalid=\"false\" value=\"\" type=\"email\" name=\"your-email\" \/><\/span> <\/label>\n<\/p>\n<p><label> Mensagem<br \/>\n<span class=\"wpcf7-form-control-wrap\" data-name=\"your-message\"><textarea cols=\"40\" rows=\"10\" class=\"wpcf7-form-control wpcf7-textarea\" aria-invalid=\"false\" name=\"your-message\"><\/textarea><\/span> <\/label>\n<\/p>\n<div id=\"cf7sr-69fe122f6a121\" class=\"cf7sr-g-recaptcha\" data-theme=\"light\" data-type=\"image\" data-size=\"normal\" data-sitekey=\"6Led6KIUAAAAADklr9Ti1HyWNYbrcwSL5Ku75tX9\"><\/div><span class=\"wpcf7-form-control-wrap cf7sr-recaptcha\" data-name=\"cf7sr-recaptcha\"><input type=\"hidden\" name=\"cf7sr-recaptcha\" value=\"\" class=\"wpcf7-form-control\"><\/span>\n<\/p>\n<p><input class=\"wpcf7-form-control has-spinner wpcf7-submit\" type=\"submit\" value=\"Enviar\" \/>\n<\/p><div class=\"wpcf7-response-output\" aria-hidden=\"true\"><\/div>\n<\/form>\n<\/div>\n<\/div><\/div><\/div><\/div><\/div><\/div><\/div><\/section><section class=\"l-section wpb_row height_medium\"><div class=\"l-section-h i-cf\"><div class=\"g-cols vc_row type_default valign_top\"><div class=\"vc_col-sm-12 wpb_column vc_column_container\"><div class=\"vc_column-inner\"><div class=\"wpb_wrapper\"><div class=\"w-tabs layout_modern icon_chevron iconpos_right \"><div class=\"w-tabs-list hidden items_3\" style=\"font-weight:700;\"><div class=\"w-tabs-list-h\"><div class=\"w-tabs-item active\"><a href=\"#1544797760338-c25fbfcd-da16\" class=\"w-tabs-item-h\"><span class=\"w-tabs-item-title\">Rio de Janeiro<\/span><\/a><\/div><div class=\"w-tabs-item\"><a href=\"#1544798330915-4bdc5784-7bc3\" class=\"w-tabs-item-h\"><span class=\"w-tabs-item-title\">S\u00e3o Paulo<\/span><\/a><\/div><div class=\"w-tabs-item\"><a href=\"#1544798376738-0a47f2d3-87cf\" class=\"w-tabs-item-h\"><span class=\"w-tabs-item-title\">Paran\u00e1<\/span><\/a><\/div><\/div><\/div><div class=\"w-tabs-sections\"><div class=\"w-tabs-sections-h\"><div class=\"w-tabs-section active\" id=\"1544797760338-c25fbfcd-da16\"><a href=\"#1544797760338-c25fbfcd-da16\" class=\"w-tabs-section-header\"><div class=\"w-tabs-section-header-h\"><div class=\"w-tabs-section-title\">Rio de Janeiro<\/div><div class=\"w-tabs-section-control\"><\/div><\/div><\/a><div class=\"w-tabs-section-content\"><div class=\"w-tabs-section-content-h i-cf\"><div class=\"g-cols wpb_row type_default valign_top vc_inner \"><div class=\"vc_col-sm-12 wpb_column vc_column_container\"><div class=\"vc_column-inner\"><div class=\"wpb_wrapper\">\r\n\t<div class=\"wpb_text_column \">\r\n\t\t<div class=\"wpb_wrapper\">\r\n\t\t\t<div>Av. Rio Branco 181 &#8211; Sala 1905<br \/>\n(Espa\u00e7o Afluentes) &#8211; Centro<br \/>\nRio de Janeiro, Rio de Janeiro<br \/>\nCEP: 20040-007<\/div>\n<div><a href=\"mailto:contatorj@lerschtraducoes.com\" target=\"_blank\" rel=\"noopener noreferrer\">contatorj@lerschtraducoes.com<\/a><\/div>\n<div>+55 21 3523-3600<\/div>\n<div><\/div>\n<div><\/div>\n\r\n\t\t<\/div>\r\n\t<\/div>\r\n<div class=\"ult-spacer spacer-69fe122f6b90d\" data-id=\"69fe122f6b90d\" data-height=\"30\" data-height-mobile=\"30\" data-height-tab=\"30\" data-height-tab-portrait=\"\" data-height-mobile-landscape=\"\" style=\"clear:both;display:block;\"><\/div>[vc_raw_html]JTNDaWZyYW1lJTIwc3JjJTNEJTIyaHR0cHMlM0ElMkYlMkZ3d3cuZ29vZ2xlLmNvbSUyRm1hcHMlMkZlbWJlZCUzRnBiJTNEJTIxMW0xOCUyMTFtMTIlMjExbTMlMjExZDkzODU0OS4zMjgxOTA2MTI3JTIxMmQtNDUuNTcyNDM0MDEyNjQ5NDUlMjEzZC0yMy4yMzU1MDU0ODUwMzA1NyUyMTJtMyUyMTFmMCUyMTJmMCUyMTNmMCUyMTNtMiUyMTFpMTAyNCUyMTJpNzY4JTIxNGYxMy4xJTIxM20zJTIxMW0yJTIxMXMweDk5N2Y2MDg2MzEzNGExJTI1M0EweDU4M2ZjN2U4NTJkYTFkYTElMjEyelRHVnljMk5vSUZSeVlXUjF3NmZEdFdWeiUyMTVlMCUyMTNtMiUyMTFzcHQtQlIlMjEyc2JyJTIxNHYxNzMzMTQ5MzExNTc4JTIxNW0yJTIxMXNwdC1CUiUyMTJzYnIlMjIlMjB3aWR0aCUzRCUyMjYwMCUyMiUyMGhlaWdodCUzRCUyMjQ1MCUyMiUyMHN0eWxlJTNEJTIyYm9yZGVyJTNBMCUzQiUyMiUyMGFsbG93ZnVsbHNjcmVlbiUzRCUyMiUyMiUyMGxvYWRpbmclM0QlMjJsYXp5JTIyJTIwcmVmZXJyZXJwb2xpY3klM0QlMjJuby1yZWZlcnJlci13aGVuLWRvd25ncmFkZSUyMiUzRSUzQyUyRmlmcmFtZSUzRQ==[\/vc_raw_html]<\/div><\/div><\/div><\/div><\/div><\/div><\/div><div class=\"w-tabs-section\" id=\"1544798330915-4bdc5784-7bc3\"><a href=\"#1544798330915-4bdc5784-7bc3\" class=\"w-tabs-section-header\"><div class=\"w-tabs-section-header-h\"><div class=\"w-tabs-section-title\">S\u00e3o Paulo<\/div><div class=\"w-tabs-section-control\"><\/div><\/div><\/a><div class=\"w-tabs-section-content\"><div class=\"w-tabs-section-content-h i-cf\"><div class=\"g-cols wpb_row type_default valign_top vc_inner \"><div class=\"vc_col-sm-12 wpb_column vc_column_container\"><div class=\"vc_column-inner\"><div class=\"wpb_wrapper\">\r\n\t<div class=\"wpb_text_column \">\r\n\t\t<div class=\"wpb_wrapper\">\r\n\t\t\t<div>Av. Paulista, 726 \u2013 Sala 1602 &#8211; Bela Vista<br \/>\nCEP 01.310-100 \u2013 S\u00e3o Paulo \u2013 SP<\/div>\n<div><a href=\"mailto:contatosp@lerschtraducoes.com\" target=\"_blank\" rel=\"noopener noreferrer\">contatosp@lerschtraducoes.com<\/a><\/div>\n<div>+55 11 3285-3509<\/div>\n\r\n\t\t<\/div>\r\n\t<\/div>\r\n<div class=\"ult-spacer spacer-69fe122f6bdcb\" data-id=\"69fe122f6bdcb\" data-height=\"30\" data-height-mobile=\"30\" data-height-tab=\"30\" data-height-tab-portrait=\"\" data-height-mobile-landscape=\"\" style=\"clear:both;display:block;\"><\/div>[vc_raw_html]JTNDaWZyYW1lJTIwc3JjJTNEJTIyaHR0cHMlM0ElMkYlMkZ3d3cuZ29vZ2xlLmNvbSUyRm1hcHMlMkZlbWJlZCUzRnBiJTNEJTIxMW0xOCUyMTFtMTIlMjExbTMlMjExZDM2NTcuMDUyMzM1NTk2MjMyOCUyMTJkLTQ2LjY1MTc5MTk4NDQwNjUlMjEzZC0yMy41NjY1NjM3Njc2NzA5NiUyMTJtMyUyMTFmMCUyMTJmMCUyMTNmMCUyMTNtMiUyMTFpMTAyNCUyMTJpNzY4JTIxNGYxMy4xJTIxM20zJTIxMW0yJTIxMXMweDk0Y2U1OWI4YzMyZjBmMWQlMjUzQTB4YTlkMjlkOGI2OTEyYWQ4ZSUyMTJzQXYuJTI1MjBQYXVsaXN0YSUyNTJDJTI1MjA3MjYlMjUyMC0lMjUyMEJlbGElMjUyMFZpc3RhJTI1MkMlMjUyMFMlMjVDMyUyNUEzbyUyNTIwUGF1bG8lMjUyMC0lMjUyMFNQJTI1MkMlMjUyMDAxMzEwLTkxMCUyMTVlMCUyMTNtMiUyMTFzcHQtQlIlMjEyc2JyJTIxNHYxNjI2MTE0NjAwNjA1JTIxNW0yJTIxMXNwdC1CUiUyMTJzYnIlMjIlMjB3aWR0aCUzRCUyMjEwMCUyNSUyMiUyMGhlaWdodCUzRCUyMjMwMCUyMiUyMHN0eWxlJTNEJTIyYm9yZGVyJTNBMCUzQiUyMiUyMGFsbG93ZnVsbHNjcmVlbiUzRCUyMiUyMiUyMGxvYWRpbmclM0QlMjJsYXp5JTIyJTNFJTNDJTJGaWZyYW1lJTNF[\/vc_raw_html]<\/div><\/div><\/div><\/div><\/div><\/div><\/div><div class=\"w-tabs-section\" id=\"1544798376738-0a47f2d3-87cf\"><a href=\"#1544798376738-0a47f2d3-87cf\" class=\"w-tabs-section-header\"><div class=\"w-tabs-section-header-h\"><div class=\"w-tabs-section-title\">Paran\u00e1<\/div><div class=\"w-tabs-section-control\"><\/div><\/div><\/a><div class=\"w-tabs-section-content\"><div class=\"w-tabs-section-content-h i-cf\"><div class=\"g-cols wpb_row type_default valign_top vc_inner \"><div class=\"vc_col-sm-12 wpb_column vc_column_container\"><div class=\"vc_column-inner\"><div class=\"wpb_wrapper\">\r\n\t<div class=\"wpb_text_column \">\r\n\t\t<div class=\"wpb_wrapper\">\r\n\t\t\t<div>Avenida 7 de Setembro n\u00ba 4995 \u2013 Sala 4 \u2013 Batel<br \/>\nCEP 80.240-000<\/div>\n<div><a href=\"mailto:contatopr@lerschtraducoes.com\" target=\"_blank\" rel=\"noopener noreferrer\">contatopr@lerschtraducoes.com<\/a><\/div>\n<div>+55 41 3243-9040<\/div>\n\r\n\t\t<\/div>\r\n\t<\/div>\r\n<div class=\"ult-spacer spacer-69fe122f6c26f\" data-id=\"69fe122f6c26f\" data-height=\"30\" data-height-mobile=\"30\" data-height-tab=\"30\" data-height-tab-portrait=\"\" data-height-mobile-landscape=\"\" style=\"clear:both;display:block;\"><\/div>[vc_raw_html]JTNDaWZyYW1lJTIwc3JjJTNEJTIyaHR0cHMlM0ElMkYlMkZ3d3cuZ29vZ2xlLmNvbSUyRm1hcHMlMkZlbWJlZCUzRnBiJTNEJTIxMW0xOCUyMTFtMTIlMjExbTMlMjExZDM2MDIuNzg3MzI4MTEwNTI5JTIxMmQtNDkuMjg4MjIyODg0MzcxODElMjEzZC0yNS40NDUzNzI3Mzk3MzMwNCUyMTJtMyUyMTFmMCUyMTJmMCUyMTNmMCUyMTNtMiUyMTFpMTAyNCUyMTJpNzY4JTIxNGYxMy4xJTIxM20zJTIxMW0yJTIxMXMweDk0ZGNlMzg3ZDgwMDhhOWYlMjUzQTB4OWQxZTliNTQyZjNlNWFiZSUyMTJzQXYuJTI1MjBTZXRlJTI1MjBkZSUyNTIwU2V0ZW1icm8lMjUyQyUyNTIwNDk5NSUyNTIwLSUyNTIwc2FsYSUyNTIwNCUyNTIwLSUyNTIwQmF0ZWwlMjUyQyUyNTIwQ3VyaXRpYmElMjUyMC0lMjUyMFBSJTI1MkMlMjUyMDgwMjUwLTIwNSUyMTVlMCUyMTNtMiUyMTFzcHQtQlIlMjEyc2JyJTIxNHYxNjI2MTE0NzQ1MjEyJTIxNW0yJTIxMXNwdC1CUiUyMTJzYnIlMjIlMjB3aWR0aCUzRCUyMjEwMCUyNSUyMiUyMGhlaWdodCUzRCUyMjMwMCUyMiUyMHN0eWxlJTNEJTIyYm9yZGVyJTNBMCUzQiUyMiUyMGFsbG93ZnVsbHNjcmVlbiUzRCUyMiUyMiUyMGxvYWRpbmclM0QlMjJsYXp5JTIyJTNFJTNDJTJGaWZyYW1lJTNF[\/vc_raw_html]<\/div><\/div><\/div><\/div><\/div><\/div><\/div><\/div><\/div><\/div><div class=\"g-cols wpb_row type_default valign_middle vc_column-gap-10 vc_inner \"><div class=\"vc_col-sm-6 wpb_column vc_column_container has-fill\"><div class=\"vc_column-inner  vc_custom_1545222090850\"><div class=\"wpb_wrapper\">\r\n\t<div class=\"wpb_text_column  vc_custom_1545222572458\">\r\n\t\t<div class=\"wpb_wrapper\">\r\n\t\t\t<h4><strong>Plant\u00e3o 24h<\/strong><br \/>\n+55 21 98119-9490<\/h4>\n\r\n\t\t<\/div>\r\n\t<\/div>\r\n<\/div><\/div><\/div><div class=\"vc_col-sm-6 wpb_column vc_column_container has-fill\"><div class=\"vc_column-inner  vc_custom_1545222083133\"><div class=\"wpb_wrapper\">\r\n\t<div class=\"wpb_text_column  vc_custom_1545222565134\">\r\n\t\t<div class=\"wpb_wrapper\">\r\n\t\t\t<h4><strong>International Clients<\/strong><br \/>\ncontact@lerschtraducoes.com<\/h4>\n\r\n\t\t<\/div>\r\n\t<\/div>\r\n<\/div><\/div><\/div><\/div><\/div><\/div><\/div><\/div><\/div><\/section>\n","protected":false},"excerpt":{"rendered":"Contato Entre em contato com a regi\u00e3o mais pr\u00f3xima ou nos envie uma mensagem pelo formul\u00e1rio abaixo: International Clients contact@lerschtraducoes.com Plant\u00e3o 24h +55 21 98119-9490 Rio de Janeiro contatorj@lerschtraducoes.com +55 21 3523-3600 S\u00e3o Paulo contatosp@lerschtraducoes.com +55 11 3285-3509 Paran\u00e1 contatopr@lerschtraducoes.com +55 41 3243-9040 document.addEventListener('wpcf7mailsent', function (Event) { location = 'https:\/\/lerschtraducoes.com\/w\/sucesso-formulario\/'; }, false); Nome (obrigat\u00f3rio) E-mail...","protected":false},"author":1,"featured_media":0,"parent":0,"menu_order":0,"comment_status":"closed","ping_status":"closed","template":"","meta":[],"yoast_head":"<!-- This site is optimized with the Yoast SEO plugin v20.3 - https:\/\/yoast.com\/wordpress\/plugins\/seo\/ -->\n<title>Contato - Lersch Tradu\u00e7\u00f5es - Solicite j\u00e1 seu or\u00e7amento<\/title>\n<meta name=\"description\" content=\"Com mais de 20 anos de experi\u00eancia a Lersch \u00e9 refer\u00eancia no mercado de tradu\u00e7\u00e3o. Entre em contato com a regi\u00e3o mais pr\u00f3xima ou nos envie uma mensagem.\" \/>\n<meta name=\"robots\" content=\"index, follow, max-snippet:-1, max-image-preview:large, max-video-preview:-1\" \/>\n<link rel=\"canonical\" href=\"https:\/\/www.lerschtraducoes.com\/w\/contato\/\" \/>\n<meta property=\"og:locale\" content=\"pt_BR\" \/>\n<meta property=\"og:type\" content=\"article\" \/>\n<meta property=\"og:title\" content=\"Contato - Lersch Tradu\u00e7\u00f5es - Solicite j\u00e1 seu or\u00e7amento\" \/>\n<meta property=\"og:description\" content=\"Com mais de 20 anos de experi\u00eancia a Lersch \u00e9 refer\u00eancia no mercado de tradu\u00e7\u00e3o. Entre em contato com a regi\u00e3o mais pr\u00f3xima ou nos envie uma mensagem.\" \/>\n<meta property=\"og:url\" content=\"https:\/\/www.lerschtraducoes.com\/w\/contato\/\" \/>\n<meta property=\"og:site_name\" content=\"Lersch Tradu\u00e7\u00f5es\" \/>\n<meta property=\"article:modified_time\" content=\"2024-12-02T14:24:12+00:00\" \/>\n<meta name=\"twitter:card\" content=\"summary_large_image\" \/>\n<meta name=\"twitter:label1\" content=\"Est. tempo de leitura\" \/>\n\t<meta name=\"twitter:data1\" content=\"1 minuto\" \/>\n<script type=\"application\/ld+json\" class=\"yoast-schema-graph\">{\"@context\":\"https:\/\/schema.org\",\"@graph\":[{\"@type\":\"WebPage\",\"@id\":\"https:\/\/www.lerschtraducoes.com\/w\/contato\/\",\"url\":\"https:\/\/www.lerschtraducoes.com\/w\/contato\/\",\"name\":\"Contato - Lersch Tradu\u00e7\u00f5es - Solicite j\u00e1 seu or\u00e7amento\",\"isPartOf\":{\"@id\":\"https:\/\/www.lerschtraducoes.com\/w\/#website\"},\"datePublished\":\"2018-12-19T11:55:00+00:00\",\"dateModified\":\"2024-12-02T14:24:12+00:00\",\"description\":\"Com mais de 20 anos de experi\u00eancia a Lersch \u00e9 refer\u00eancia no mercado de tradu\u00e7\u00e3o. Entre em contato com a regi\u00e3o mais pr\u00f3xima ou nos envie uma mensagem.\",\"breadcrumb\":{\"@id\":\"https:\/\/www.lerschtraducoes.com\/w\/contato\/#breadcrumb\"},\"inLanguage\":\"pt-BR\",\"potentialAction\":[{\"@type\":\"ReadAction\",\"target\":[\"https:\/\/www.lerschtraducoes.com\/w\/contato\/\"]}]},{\"@type\":\"BreadcrumbList\",\"@id\":\"https:\/\/www.lerschtraducoes.com\/w\/contato\/#breadcrumb\",\"itemListElement\":[{\"@type\":\"ListItem\",\"position\":1,\"name\":\"In\u00edcio\",\"item\":\"https:\/\/www.lerschtraducoes.com\/w\/en\/home\/\"},{\"@type\":\"ListItem\",\"position\":2,\"name\":\"Contato\"}]},{\"@type\":\"WebSite\",\"@id\":\"https:\/\/www.lerschtraducoes.com\/w\/#website\",\"url\":\"https:\/\/www.lerschtraducoes.com\/w\/\",\"name\":\"Lersch Tradu\u00e7\u00f5es\",\"description\":\"L\u00edder no segmento de Tradu\u00e7\u00f5es no Brasil\",\"potentialAction\":[{\"@type\":\"SearchAction\",\"target\":{\"@type\":\"EntryPoint\",\"urlTemplate\":\"https:\/\/www.lerschtraducoes.com\/w\/?s={search_term_string}\"},\"query-input\":\"required name=search_term_string\"}],\"inLanguage\":\"pt-BR\"}]}<\/script>\n<!-- \/ Yoast SEO plugin. -->","yoast_head_json":{"title":"Contato - Lersch Tradu\u00e7\u00f5es - Solicite j\u00e1 seu or\u00e7amento","description":"Com mais de 20 anos de experi\u00eancia a Lersch \u00e9 refer\u00eancia no mercado de tradu\u00e7\u00e3o. Entre em contato com a regi\u00e3o mais pr\u00f3xima ou nos envie uma mensagem.","robots":{"index":"index","follow":"follow","max-snippet":"max-snippet:-1","max-image-preview":"max-image-preview:large","max-video-preview":"max-video-preview:-1"},"canonical":"https:\/\/www.lerschtraducoes.com\/w\/contato\/","og_locale":"pt_BR","og_type":"article","og_title":"Contato - Lersch Tradu\u00e7\u00f5es - Solicite j\u00e1 seu or\u00e7amento","og_description":"Com mais de 20 anos de experi\u00eancia a Lersch \u00e9 refer\u00eancia no mercado de tradu\u00e7\u00e3o. Entre em contato com a regi\u00e3o mais pr\u00f3xima ou nos envie uma mensagem.","og_url":"https:\/\/www.lerschtraducoes.com\/w\/contato\/","og_site_name":"Lersch Tradu\u00e7\u00f5es","article_modified_time":"2024-12-02T14:24:12+00:00","twitter_card":"summary_large_image","twitter_misc":{"Est. tempo de leitura":"1 minuto"},"schema":{"@context":"https:\/\/schema.org","@graph":[{"@type":"WebPage","@id":"https:\/\/www.lerschtraducoes.com\/w\/contato\/","url":"https:\/\/www.lerschtraducoes.com\/w\/contato\/","name":"Contato - Lersch Tradu\u00e7\u00f5es - Solicite j\u00e1 seu or\u00e7amento","isPartOf":{"@id":"https:\/\/www.lerschtraducoes.com\/w\/#website"},"datePublished":"2018-12-19T11:55:00+00:00","dateModified":"2024-12-02T14:24:12+00:00","description":"Com mais de 20 anos de experi\u00eancia a Lersch \u00e9 refer\u00eancia no mercado de tradu\u00e7\u00e3o. Entre em contato com a regi\u00e3o mais pr\u00f3xima ou nos envie uma mensagem.","breadcrumb":{"@id":"https:\/\/www.lerschtraducoes.com\/w\/contato\/#breadcrumb"},"inLanguage":"pt-BR","potentialAction":[{"@type":"ReadAction","target":["https:\/\/www.lerschtraducoes.com\/w\/contato\/"]}]},{"@type":"BreadcrumbList","@id":"https:\/\/www.lerschtraducoes.com\/w\/contato\/#breadcrumb","itemListElement":[{"@type":"ListItem","position":1,"name":"In\u00edcio","item":"https:\/\/www.lerschtraducoes.com\/w\/en\/home\/"},{"@type":"ListItem","position":2,"name":"Contato"}]},{"@type":"WebSite","@id":"https:\/\/www.lerschtraducoes.com\/w\/#website","url":"https:\/\/www.lerschtraducoes.com\/w\/","name":"Lersch Tradu\u00e7\u00f5es","description":"L\u00edder no segmento de Tradu\u00e7\u00f5es no Brasil","potentialAction":[{"@type":"SearchAction","target":{"@type":"EntryPoint","urlTemplate":"https:\/\/www.lerschtraducoes.com\/w\/?s={search_term_string}"},"query-input":"required name=search_term_string"}],"inLanguage":"pt-BR"}]}},"_links":{"self":[{"href":"https:\/\/www.lerschtraducoes.com\/w\/wp-json\/wp\/v2\/pages\/815"}],"collection":[{"href":"https:\/\/www.lerschtraducoes.com\/w\/wp-json\/wp\/v2\/pages"}],"about":[{"href":"https:\/\/www.lerschtraducoes.com\/w\/wp-json\/wp\/v2\/types\/page"}],"author":[{"embeddable":true,"href":"https:\/\/www.lerschtraducoes.com\/w\/wp-json\/wp\/v2\/users\/1"}],"replies":[{"embeddable":true,"href":"https:\/\/www.lerschtraducoes.com\/w\/wp-json\/wp\/v2\/comments?post=815"}],"version-history":[{"count":10,"href":"https:\/\/www.lerschtraducoes.com\/w\/wp-json\/wp\/v2\/pages\/815\/revisions"}],"predecessor-version":[{"id":5464,"href":"https:\/\/www.lerschtraducoes.com\/w\/wp-json\/wp\/v2\/pages\/815\/revisions\/5464"}],"wp:attachment":[{"href":"https:\/\/www.lerschtraducoes.com\/w\/wp-json\/wp\/v2\/media?parent=815"}],"curies":[{"name":"wp","href":"https:\/\/api.w.org\/{rel}","templated":true}]}}